{"id":985,"date":"2025-11-20T09:13:23","date_gmt":"2025-11-20T09:13:23","guid":{"rendered":"https:\/\/cafe-aromes.com\/?page_id=985"},"modified":"2025-11-20T09:18:04","modified_gmt":"2025-11-20T09:18:04","slug":"aromes-meridiana-2","status":"publish","type":"page","link":"https:\/\/cafe-aromes.com\/index.php\/aromes-meridiana-2\/","title":{"rendered":"Aromes Meridiana"},"content":{"rendered":"\t\t<div data-elementor-type=\"wp-page\" data-elementor-id=\"985\" class=\"elementor elementor-985\" data-elementor-post-type=\"page\">\n\t\t\t\t\t\t<section class=\"elementor-section elementor-top-section elementor-element elementor-element-a410371 elementor-section-boxed elementor-section-height-default elementor-section-height-default\" data-id=\"a410371\" data-element_type=\"section\" data-e-type=\"section\" data-settings=\"{&quot;background_background&quot;:&quot;classic&quot;,&quot;shape_divider_top&quot;:&quot;mountains&quot;}\">\n\t\t\t\t\t\t\t<div class=\"elementor-background-overlay\"><\/div>\n\t\t\t\t\t\t<div class=\"elementor-shape elementor-shape-top\" aria-hidden=\"true\" data-negative=\"false\">\n\t\t\t<svg xmlns=\"http:\/\/www.w3.org\/2000\/svg\" viewBox=\"0 0 1000 100\" preserveAspectRatio=\"none\">\n\t<path class=\"elementor-shape-fill\" opacity=\"0.33\" d=\"M473,67.3c-203.9,88.3-263.1-34-320.3,0C66,119.1,0,59.7,0,59.7V0h1000v59.7 c0,0-62.1,26.1-94.9,29.3c-32.8,3.3-62.8-12.3-75.8-22.1C806,49.6,745.3,8.7,694.9,4.7S492.4,59,473,67.3z\"\/>\n\t<path class=\"elementor-shape-fill\" opacity=\"0.66\" d=\"M734,67.3c-45.5,0-77.2-23.2-129.1-39.1c-28.6-8.7-150.3-10.1-254,39.1 s-91.7-34.4-149.2,0C115.7,118.3,0,39.8,0,39.8V0h1000v36.5c0,0-28.2-18.5-92.1-18.5C810.2,18.1,775.7,67.3,734,67.3z\"\/>\n\t<path class=\"elementor-shape-fill\" d=\"M766.1,28.9c-200-57.5-266,65.5-395.1,19.5C242,1.8,242,5.4,184.8,20.6C128,35.8,132.3,44.9,89.9,52.5C28.6,63.7,0,0,0,0 h1000c0,0-9.9,40.9-83.6,48.1S829.6,47,766.1,28.9z\"\/>\n<\/svg>\t\t<\/div>\n\t\t\t\t\t<div class=\"elementor-container elementor-column-gap-no\">\n\t\t\t\t\t<div class=\"elementor-column elementor-col-100 elementor-top-column elementor-element elementor-element-1c0fb7b\" data-id=\"1c0fb7b\" data-element_type=\"column\" data-e-type=\"column\">\n\t\t\t<div class=\"elementor-widget-wrap elementor-element-populated\">\n\t\t\t\t\t\t<div class=\"elementor-element elementor-element-5928efc elementor-invisible elementor-widget elementor-widget-heading\" data-id=\"5928efc\" data-element_type=\"widget\" data-e-type=\"widget\" data-settings=\"{&quot;_animation&quot;:&quot;fadeInDown&quot;}\" data-widget_type=\"heading.default\">\n\t\t\t\t<div class=\"elementor-widget-container\">\n\t\t\t\t\t<h2 class=\"elementor-heading-title elementor-size-default\">Lo servimos con cari\u00f1o<\/h2>\t\t\t\t<\/div>\n\t\t\t\t<\/div>\n\t\t\t\t<section class=\"elementor-section elementor-inner-section elementor-element elementor-element-335b54e elementor-section-boxed elementor-section-height-default elementor-section-height-default\" data-id=\"335b54e\" data-element_type=\"section\" data-e-type=\"section\">\n\t\t\t\t\t\t<div class=\"elementor-container elementor-column-gap-extended\">\n\t\t\t\t\t<div class=\"elementor-column elementor-col-33 elementor-inner-column elementor-element elementor-element-e4e97f1\" data-id=\"e4e97f1\" data-element_type=\"column\" data-e-type=\"column\">\n\t\t\t<div class=\"elementor-widget-wrap elementor-element-populated\">\n\t\t\t\t\t\t<div class=\"elementor-element elementor-element-9d55349 elementor-view-framed elementor-shape-circle elementor-widget elementor-widget-icon\" data-id=\"9d55349\" data-element_type=\"widget\" data-e-type=\"widget\" data-widget_type=\"icon.default\">\n\t\t\t\t<div class=\"elementor-widget-container\">\n\t\t\t\t\t\t\t<div class=\"elementor-icon-wrapper\">\n\t\t\t<div class=\"elementor-icon\">\n\t\t\t<svg aria-hidden=\"true\" class=\"e-font-icon-svg e-fas-map-marker-alt\" viewBox=\"0 0 384 512\" xmlns=\"http:\/\/www.w3.org\/2000\/svg\"><path d=\"M172.268 501.67C26.97 291.031 0 269.413 0 192 0 85.961 85.961 0 192 0s192 85.961 192 192c0 77.413-26.97 99.031-172.268 309.67-9.535 13.774-29.93 13.773-39.464 0zM192 272c44.183 0 80-35.817 80-80s-35.817-80-80-80-80 35.817-80 80 35.817 80 80 80z\"><\/path><\/svg>\t\t\t<\/div>\n\t\t<\/div>\n\t\t\t\t\t\t<\/div>\n\t\t\t\t<\/div>\n\t\t\t\t<div class=\"elementor-element elementor-element-7bc0080 elementor-widget elementor-widget-heading\" data-id=\"7bc0080\" data-element_type=\"widget\" data-e-type=\"widget\" data-widget_type=\"heading.default\">\n\t\t\t\t<div class=\"elementor-widget-container\">\n\t\t\t\t\t<h2 class=\"elementor-heading-title elementor-size-default\">Ubicaci\u00f3n<\/h2>\t\t\t\t<\/div>\n\t\t\t\t<\/div>\n\t\t\t\t<div class=\"elementor-element elementor-element-d0eef46 elementor-widget elementor-widget-text-editor\" data-id=\"d0eef46\" data-element_type=\"widget\" data-e-type=\"widget\" data-widget_type=\"text-editor.default\">\n\t\t\t\t<div class=\"elementor-widget-container\">\n\t\t\t\t\t\t\t\t\t<p style=\"text-align: justify;\" data-start=\"155\" data-end=\"374\">Nos encontrar\u00e1s en <a href=\"https:\/\/www.google.com\/maps\/place\/Carrer+Gran+de+Sant+Andreu,+152,+Sant+Andreu,+08030+Barcelona,+Espa%C3%B1a\/@41.432178,2.18959,17z\/data=!4m6!3m5!1s0x12a4bcda243b6fc3:0x45df6a618fa8bc05!8m2!3d41.4321783!4d2.1895895!16s%2Fg%2F11c2fm3w44?hl=es-ES&amp;entry=ttu&amp;g_ep=EgoyMDI1MDUyOC4wIKXMDSoASAFQAw%3D%3D\" target=\"_blank\" rel=\"noopener\">Gran de Sant Andreu 152<\/a>, en el coraz\u00f3n de Sant Andreu, Barcelona. Un espacio con alma artesana, donde el caf\u00e9 se mezcla con crepes caseras, ambiente relajado y detalles que enamoran.<\/p><p style=\"text-align: justify;\" data-start=\"376\" data-end=\"516\">Entre aromas de brunch, pan de masa madre y smoothies naturales, Aromes Caf\u00e8 Lounge es tu nuevo rinc\u00f3n favorito para desconectar y saborear.<\/p>\t\t\t\t\t\t\t\t<\/div>\n\t\t\t\t<\/div>\n\t\t\t\t\t<\/div>\n\t\t<\/div>\n\t\t\t\t<div class=\"elementor-column elementor-col-33 elementor-inner-column elementor-element elementor-element-0a36414\" data-id=\"0a36414\" data-element_type=\"column\" data-e-type=\"column\">\n\t\t\t<div class=\"elementor-widget-wrap elementor-element-populated\">\n\t\t\t\t\t\t<div class=\"elementor-element elementor-element-7a69534 elementor-view-framed elementor-shape-circle elementor-widget elementor-widget-icon\" data-id=\"7a69534\" data-element_type=\"widget\" data-e-type=\"widget\" data-widget_type=\"icon.default\">\n\t\t\t\t<div class=\"elementor-widget-container\">\n\t\t\t\t\t\t\t<div class=\"elementor-icon-wrapper\">\n\t\t\t<div class=\"elementor-icon\">\n\t\t\t<svg aria-hidden=\"true\" class=\"e-font-icon-svg e-fas-heart\" viewBox=\"0 0 512 512\" xmlns=\"http:\/\/www.w3.org\/2000\/svg\"><path d=\"M462.3 62.6C407.5 15.9 326 24.3 275.7 76.2L256 96.5l-19.7-20.3C186.1 24.3 104.5 15.9 49.7 62.6c-62.8 53.6-66.1 149.8-9.9 207.9l193.5 199.8c12.5 12.9 32.8 12.9 45.3 0l193.5-199.8c56.3-58.1 53-154.3-9.8-207.9z\"><\/path><\/svg>\t\t\t<\/div>\n\t\t<\/div>\n\t\t\t\t\t\t<\/div>\n\t\t\t\t<\/div>\n\t\t\t\t<div class=\"elementor-element elementor-element-d2dc2f4 elementor-widget elementor-widget-heading\" data-id=\"d2dc2f4\" data-element_type=\"widget\" data-e-type=\"widget\" data-widget_type=\"heading.default\">\n\t\t\t\t<div class=\"elementor-widget-container\">\n\t\t\t\t\t<h2 class=\"elementor-heading-title elementor-size-default\">Disfruta<\/h2>\t\t\t\t<\/div>\n\t\t\t\t<\/div>\n\t\t\t\t<div class=\"elementor-element elementor-element-1a0df96 elementor-widget elementor-widget-text-editor\" data-id=\"1a0df96\" data-element_type=\"widget\" data-e-type=\"widget\" data-widget_type=\"text-editor.default\">\n\t\t\t\t<div class=\"elementor-widget-container\">\n\t\t\t\t\t\t\t\t\t<p style=\"text-align: justify;\" data-start=\"207\" data-end=\"458\">En Aromes Caf\u00e8 Lounge no solo vienes a comer bien: tambi\u00e9n vienes a disfrutar. M\u00fasica ambiente, exposiciones locales, rincones instagrameables y espacio pet friendly hacen de cada visita una experiencia para todos los sentidos.<\/p><p style=\"text-align: justify;\" data-start=\"460\" data-end=\"557\">Ideal para leer, trabajar con tu port\u00e1til o compartir un brunch con amigos, en pleno Sant Andreu.<\/p>\t\t\t\t\t\t\t\t<\/div>\n\t\t\t\t<\/div>\n\t\t\t\t\t<\/div>\n\t\t<\/div>\n\t\t\t\t<div class=\"elementor-column elementor-col-33 elementor-inner-column elementor-element elementor-element-80184a9\" data-id=\"80184a9\" data-element_type=\"column\" data-e-type=\"column\">\n\t\t\t<div class=\"elementor-widget-wrap elementor-element-populated\">\n\t\t\t\t\t\t<div class=\"elementor-element elementor-element-772069d elementor-view-framed elementor-shape-circle elementor-widget elementor-widget-icon\" data-id=\"772069d\" data-element_type=\"widget\" data-e-type=\"widget\" data-widget_type=\"icon.default\">\n\t\t\t\t<div class=\"elementor-widget-container\">\n\t\t\t\t\t\t\t<div class=\"elementor-icon-wrapper\">\n\t\t\t<div class=\"elementor-icon\">\n\t\t\t<svg aria-hidden=\"true\" class=\"e-font-icon-svg e-fas-coffee\" viewBox=\"0 0 640 512\" xmlns=\"http:\/\/www.w3.org\/2000\/svg\"><path d=\"M192 384h192c53 0 96-43 96-96h32c70.6 0 128-57.4 128-128S582.6 32 512 32H120c-13.3 0-24 10.7-24 24v232c0 53 43 96 96 96zM512 96c35.3 0 64 28.7 64 64s-28.7 64-64 64h-32V96h32zm47.7 384H48.3c-47.6 0-61-64-36-64h583.3c25 0 11.8 64-35.9 64z\"><\/path><\/svg>\t\t\t<\/div>\n\t\t<\/div>\n\t\t\t\t\t\t<\/div>\n\t\t\t\t<\/div>\n\t\t\t\t<div class=\"elementor-element elementor-element-a1e388a elementor-widget elementor-widget-heading\" data-id=\"a1e388a\" data-element_type=\"widget\" data-e-type=\"widget\" data-widget_type=\"heading.default\">\n\t\t\t\t<div class=\"elementor-widget-container\">\n\t\t\t\t\t<h2 class=\"elementor-heading-title elementor-size-default\">Bebidas<\/h2>\t\t\t\t<\/div>\n\t\t\t\t<\/div>\n\t\t\t\t<div class=\"elementor-element elementor-element-3eebb3d elementor-widget elementor-widget-text-editor\" data-id=\"3eebb3d\" data-element_type=\"widget\" data-e-type=\"widget\" data-widget_type=\"text-editor.default\">\n\t\t\t\t<div class=\"elementor-widget-container\">\n\t\t\t\t\t\t\t\t\t<p style=\"text-align: justify;\" data-start=\"191\" data-end=\"435\">Desde caf\u00e9 de especialidad hasta smoothies naturales, en Aromes Caf\u00e8 Lounge cada bebida cuenta una historia. T\u00e9s arom\u00e1ticos, chocolate caliente casero, infusiones relajantes y opciones sin gluten o veganas para todos los gustos.<\/p><p style=\"text-align: justify;\" data-start=\"437\" data-end=\"552\">Ideal para acompa\u00f1ar un brunch, charlar con amigos o simplemente desconectar con tu bebida favorita en Sant Andreu.<\/p>\t\t\t\t\t\t\t\t<\/div>\n\t\t\t\t<\/div>\n\t\t\t\t\t<\/div>\n\t\t<\/div>\n\t\t\t\t\t<\/div>\n\t\t<\/section>\n\t\t\t\t\t<\/div>\n\t\t<\/div>\n\t\t\t\t\t<\/div>\n\t\t<\/section>\n\t\t<div class=\"elementor-element elementor-element-dc26474 e-flex e-con-boxed e-con e-parent\" data-id=\"dc26474\" data-element_type=\"container\" data-e-type=\"container\">\n\t\t\t\t\t<div class=\"e-con-inner\">\n\t\t\t\t<div class=\"elementor-element elementor-element-c501594 elementor-widget elementor-widget-html\" data-id=\"c501594\" data-element_type=\"widget\" data-e-type=\"widget\" data-widget_type=\"html.default\">\n\t\t\t\t<div class=\"elementor-widget-container\">\n\t\t\t\t\t<!DOCTYPE html>\n<html lang=\"es\">\n<head>\n  <meta charset=\"UTF-8\" \/>\n  <title>Aromes Meridiana \u2013 Carta de presentaci\u00f3n<\/title>\n  <meta name=\"viewport\" content=\"width=device-width, initial-scale=1.0\" \/>\n\n  <!-- Tipograf\u00eda -->\n  <link href=\"https:\/\/fonts.googleapis.com\/css2?family=Poppins:wght@300;400;600;700&display=swap\" rel=\"stylesheet\" \/>\n\n  <style>\n    :root {\n      --aromes-green: #075B62;\n      --text-black: #000000;\n      --bg-light: #ffffff;\n    }\n\n    * { box-sizing: border-box; margin: 0; padding: 0; }\n\n    body {\n      font-family: \"Poppins\", system-ui, sans-serif;\n      background-color: var(--bg-light);\n      color: var(--text-black);\n      line-height: 1.6;\n    }\n\n    p { text-align: justify; }\n\n    a {\n      color: var(--aromes-green);\n      text-decoration: none;\n    }\n\n    a:hover { text-decoration: underline; }\n\n    .page-wrapper {\n      max-width: 1200px;\n      margin: 0 auto;\n      padding: 24px 16px 64px;\n    }\n\n    \/* HERO *\/\n    .hero {\n      position: relative;\n      border-radius: 18px;\n      overflow: hidden;\n      margin-bottom: 48px;\n      min-height: 380px;\n      display: flex;\n      align-items: center;\n      justify-content: center;\n      background-image: url(\"\/mnt\/data\/Captura de pantalla 2025-11-20 a las 9.40.09.png\");\n      background-size: cover;\n      background-position: center;\n    }\n\n    .hero::before {\n      content: \"\";\n      position: absolute;\n      inset: 0;\n      background: rgba(0, 0, 0, 0.38);\n    }\n\n    .hero-content {\n      position: relative;\n      text-align: center;\n      color: #ffffff;\n      padding: 32px 16px;\n    }\n\n    .hero-tag {\n      display: inline-block;\n      padding: 6px 14px;\n      border-radius: 999px;\n      border: 1px solid rgba(255, 255, 255, 0.6);\n      font-size: 0.85rem;\n      letter-spacing: 0.03em;\n      margin-bottom: 14px;\n      text-transform: uppercase;\n    }\n\n    .hero-title {\n      font-size: 2.8rem;\n      font-weight: 700;\n      margin-bottom: 10px;\n      line-height: 1.1;\n    }\n\n    .hero-subtitle {\n      font-size: 1.1rem;\n      max-width: 640px;\n      margin: 0 auto 24px;\n    }\n\n    .hero-cta {\n      display: inline-flex;\n      gap: 12px;\n      flex-wrap: wrap;\n      justify-content: center;\n    }\n\n    .btn {\n      border-radius: 999px;\n      padding: 10px 20px;\n      font-size: 0.95rem;\n      border: none;\n      cursor: pointer;\n      font-weight: 600;\n      text-transform: uppercase;\n      transition: transform 0.15s ease, box-shadow 0.15s ease;\n      display: inline-flex;\n      align-items: center;\n      justify-content: center;\n    }\n\n    .btn-primary {\n      background-color: var(--aromes-green);\n      color: #ffffff;\n      box-shadow: 0 8px 18px rgba(7, 91, 98, 0.35);\n    }\n\n    .btn-primary:hover {\n      background-color: #054147;\n      transform: translateY(-1px);\n    }\n\n    .btn-ghost {\n      background-color: rgba(255, 255, 255, 0.12);\n      color: #ffffff;\n      border: 1px solid rgba(255, 255, 255, 0.65);\n    }\n\n    .btn-ghost:hover {\n      background-color: rgba(255, 255, 255, 0.22);\n      transform: translateY(-1px);\n    }\n\n    \/* DESTACADOS *\/\n    .highlights {\n      display: grid;\n      grid-template-columns: repeat(3, 1fr);\n      gap: 28px;\n      margin-bottom: 56px;\n    }\n\n    .highlight-card {\n      background-color: #f6f7f8;\n      border-radius: 18px;\n      padding: 24px 22px;\n      box-shadow: 0 12px 30px rgba(0,0,0,0.04);\n      border: 1px solid #e4e6e7;\n    }\n\n    .highlight-icon {\n      width: 40px;\n      height: 40px;\n      border-radius: 999px;\n      border: 2px solid var(--aromes-green);\n      display: flex;\n      align-items: center;\n      justify-content: center;\n      font-size: 1.2rem;\n      color: var(--aromes-green);\n      margin-bottom: 8px;\n    }\n\n    .highlight-title { font-size: 1.15rem; font-weight: 700; margin-bottom: 6px; }\n\n    \/* QUIENES SOMOS *\/\n    .section { margin-bottom: 56px; }\n\n    .section-header { margin-bottom: 18px; }\n\n    .section-kicker {\n      font-size: 0.85rem;\n      letter-spacing: 0.18em;\n      text-transform: uppercase;\n      color: var(--aromes-green);\n    }\n\n    .section-title { font-size: 2rem; font-weight: 700; }\n\n    .about-grid {\n      display: grid;\n      grid-template-columns: 1.4fr 1fr;\n      gap: 28px;\n    }\n\n    .badge-trip {\n      display: inline-flex;\n      align-items: center;\n      gap: 8px;\n      padding: 6px 14px;\n      background-color: #e7f2ef;\n      border-radius: 999px;\n      border: 1px solid rgba(7, 91, 98, 0.18);\n      margin-bottom: 12px;\n      font-size: 0.85rem;\n    }\n\n    .badge-dot {\n      width: 10px;\n      height: 10px;\n      background-color: #00b67a;\n      border-radius: 999px;\n    }\n\n    .about-photo img {\n      width: 100%;\n      display: block;\n      border-radius: 18px;\n      border: 1px solid #e4e6e7;\n      box-shadow: 0 12px 30px rgba(0,0,0,0.06);\n    }\n\n    \/* BLOQUE MEJOR *\/\n    .best-block {\n      background: rgba(0,0,0,0.7);\n      color: #fff;\n      border-radius: 18px;\n      padding: 40px 32px;\n      margin-bottom: 56px;\n    }\n\n    .best-inner {\n      display: grid;\n      grid-template-columns: 1fr 1fr 1fr;\n      gap: 24px;\n      align-items: center;\n    }\n\n    .best-title-main { text-align: center; font-size: 2.2rem; font-weight: 700; margin-bottom: 10px; }\n\n    .best-center-image img {\n      width: 100%;\n      border-radius: 16px;\n      border: 2px solid rgba(255,255,255,0.8);\n    }\n\n    \/* EXPERIENCIA *\/\n    .experience { display: grid; grid-template-columns: repeat(3,1fr); gap: 24px; }\n\n    .exp-card {\n      padding: 22px;\n      border-radius: 18px;\n      background: #f9fafb;\n      border: 1px solid #e4e6e7;\n    }\n\n    .exp-title { font-weight: 600; color: var(--aromes-green); margin-bottom: 6px; }\n\n    \/* CTA FINAL *\/\n    .cta-final {\n      padding: 26px 22px;\n      border-radius: 20px;\n      background: linear-gradient(135deg, #f4fbfb, #eef5f6);\n      border: 1px solid #dbe4e5;\n      display: flex;\n      justify-content: space-between;\n      align-items: center;\n      flex-wrap: wrap;\n    }\n\n    footer { margin-top: 40px; text-align: center; color: #555; font-size: 0.85rem; }\n  <\/style>\n<\/head>\n<body>\n<div class=\"page-wrapper\">\n\n \n\n  <!-- QUIENES SOMOS -->\n  <section class=\"section\">\n    <header class=\"section-header\">\n      <div class=\"section-kicker\">Qui\u00e9nes somos<\/div>\n      <h2 class=\"section-title\">Tu cafeter\u00eda de referencia en Meridiana<\/h2>\n      <p class=\"section-subtitle\">\n        Aromes Meridiana combina amplitud, comodidad y un ambiente tranquilo donde el caf\u00e9 y el\n        producto artesano son siempre los protagonistas.\n      <\/p>\n    <\/header>\n\n    <div class=\"about-grid\">\n      <div>\n        <div class=\"badge-trip\">\n          <span class=\"badge-dot\"><\/span>\n          <span>Muy bien valorada por clientes y trabajadores de la zona.<\/span>\n        <\/div>\n\n        <p>\n          Somos una cafeter\u00eda pensada para todos: familias, estudiantes, teletrabajadores y vecinos\n          que buscan desayunos completos, crepes caseras y buen caf\u00e9 sin complicaciones.\n        <\/p>\n        <p>\n          Nuestro espacio amplio y luminoso hace que trabajar o reunirse sea c\u00f3modo y agradable.\n          Contamos con una carta variada que combina dulces caseros, tostadas sabrosas y bebidas\n          preparadas al detalle.\n        <\/p>\n        <p>\n          Meridiana es movimiento, y en Aromes Meridiana encontrar\u00e1s ese respiro perfecto dentro del\n          ritmo de la ciudad.\n        <\/p>\n      <\/div>\n\n      <div class=\"about-gallery\">\n        <div class=\"about-photo\">\n          <img decoding=\"async\" src=\"https:\/\/cafe-aromes.com\/wp-content\/uploads\/2025\/11\/IMG_9085-scaled.jpg\"\n               alt=\"Vitrina de boller\u00eda en Aromes Meridiana\">\n        <\/div>\n        <div class=\"about-photo\">\n          <img decoding=\"async\" src=\"https:\/\/cafe-aromes.com\/wp-content\/uploads\/2025\/11\/IMG_8807-scaled.jpg\"\n               alt=\"Caf\u00e9 y dulces de Aromes Meridiana\">\n        <\/div>\n      <\/div>\n    <\/div>\n  <\/section>\n\n  <!-- SIEMPRE LO MEJOR -->\n  <section class=\"best-block\">\n    <h2 class=\"best-title-main\">Siempre lo mejor\u2026<\/h2>\n    <div class=\"best-inner\">\n      <article>\n        <h3>Ingredientes deliciosos<\/h3>\n        <p>\n          Utilizamos productos frescos y masas caseras que preparamos diariamente. Nuestra selecci\u00f3n\n          de boller\u00eda, crepes, tostadas y cookies est\u00e1 pensada para que cada visita sea un momento\n          especial.\n        <\/p>\n      <\/article>\n\n      <div class=\"best-center-image\">\n        <img decoding=\"async\" src=\"https:\/\/cafe-aromes.com\/wp-content\/uploads\/2025\/11\/EC8C5584-EF27-46CA-83B7-E9DB23C0C21D-scaled.jpg\"\n             alt=\"Cookies artesanas de Aromes Meridiana\">\n      <\/div>\n\n      <article>\n        <h3>Elegido con cari\u00f1o<\/h3>\n        <p>\n          Cada plato est\u00e1 hecho pensando en ti: sabores equilibrados, combinaciones cl\u00e1sicas y\n          opciones para todos. Queremos que Aromes Meridiana sea tu pausa favorita en la Meridiana.\n        <\/p>\n      <\/article>\n    <\/div>\n  <\/section>\n\n  <!-- EXPERIENCIA -->\n  <section class=\"section\">\n    <header class=\"section-header\">\n      <div class=\"section-kicker\">Experiencia Aromes<\/div>\n      <h2 class=\"section-title\">Un respiro en plena Meridiana<\/h2>\n      <p class=\"section-subtitle\">\n        Sea para empezar el d\u00eda, para una pausa a media ma\u00f1ana o para merendar, Aromes Meridiana es\n        el espacio perfecto para desconectar del ritmo urbano.\n      <\/p>\n    <\/header>\n\n    <div class=\"experience\">\n      <article class=\"exp-card\">\n        <h3 class=\"exp-title\">Desayunos y brunch<\/h3>\n        <p>\n          Propuestas dulces y saladas, crepes, tostadas, boller\u00eda reci\u00e9n hecha y especialidades\n          seg\u00fan temporada. Perfecto para un desayuno r\u00e1pido o un brunch relajado.\n        <\/p>\n      <\/article>\n\n      <article class=\"exp-card\">\n        <h3 class=\"exp-title\">Ambiente amplio<\/h3>\n        <p>\n          Nuestro local cuenta con mesas espaciosas, luz natural y un ambiente ideal para trabajar,\n          reunirte o simplemente disfrutar del momento.\n        <\/p>\n      <\/article>\n\n      <article class=\"exp-card\">\n        <h3 class=\"exp-title\">Caf\u00e9 con personalidad<\/h3>\n        <p>\n          Preparamos cada taza con mimo, ajustando molienda y t\u00e9cnicas para que disfrutes siempre de\n          una experiencia completa. Si te gusta el caf\u00e9, aqu\u00ed tienes tu sitio.\n        <\/p>\n      <\/article>\n    <\/div>\n\n    <div class=\"cta-final\">\n      <div class=\"cta-final-text\">\n        <h3 class=\"cta-final-title\">\u00bfNos vemos en Aromes Meridiana?<\/h3>\n        <p class=\"cta-final-sub\">\n          Te esperamos en <strong>Avinguda Meridiana, 332, 08027 Barcelona<\/strong>.\n          Tu nuevo rinc\u00f3n favorito para desayunar, trabajar o simplemente desconectar.\n        <\/p>\n      <\/div>\n\n      <a class=\"btn btn-primary\" href=\"https:\/\/wa.me\/34609318671\" target=\"_blank\" rel=\"noopener noreferrer\">\n        Reservar ahora\n      <\/a>\n    <\/div>\n  <\/section>\n\n  <footer>\n    Aromes Meridiana \u00b7 Avinguda Meridiana, 332, 08027 Barcelona \u00b7 Caf\u00e9s, crepes y brunch con cari\u00f1o.\n  <\/footer>\n\n<\/div>\n<\/body>\n<\/html>\n\t\t\t\t<\/div>\n\t\t\t\t<\/div>\n\t\t\t\t\t<\/div>\n\t\t\t\t<\/div>\n\t\t\t\t<\/div>\n\t\t","protected":false},"excerpt":{"rendered":"<p>Lo servimos con cari\u00f1o Ubicaci\u00f3n Nos encontrar\u00e1s en Gran de Sant Andreu 152, en el coraz\u00f3n de Sant Andreu, Barcelona. [&hellip;]<\/p>\n","protected":false},"author":1,"featured_media":0,"parent":0,"menu_order":0,"comment_status":"closed","ping_status":"closed","template":"","meta":{"om_disable_all_campaigns":false,"_monsterinsights_skip_tracking":false,"_monsterinsights_sitenote_active":false,"_monsterinsights_sitenote_note":"","_monsterinsights_sitenote_category":0,"_uf_show_specific_survey":0,"_uf_disable_surveys":false,"site-sidebar-layout":"no-sidebar","site-content-layout":"","ast-site-content-layout":"full-width-container","site-content-style":"default","site-sidebar-style":"default","ast-global-header-display":"","ast-banner-title-visibility":"","ast-main-header-display":"","ast-hfb-above-header-display":"","ast-hfb-below-header-display":"","ast-hfb-mobile-header-display":"","site-post-title":"disabled","ast-breadcrumbs-content":"","ast-featured-img":"disabled","footer-sml-layout":"","ast-disable-related-posts":"","theme-transparent-header-meta":"","adv-header-id-meta":"","stick-header-meta":"","header-above-stick-meta":"","header-main-stick-meta":"","header-below-stick-meta":"","astra-migrate-meta-layouts":"default","ast-page-background-enabled":"default","ast-page-background-meta":{"desktop":{"background-color":"var(--ast-global-color-5)","background-image":"","background-repeat":"repeat","background-position":"center center","background-size":"auto","background-attachment":"scroll","background-type":"","background-media":"","overlay-type":"","overlay-color":"","overlay-opacity":"","overlay-gradient":""},"tablet":{"background-color":"","background-image":"","background-repeat":"repeat","background-position":"center center","background-size":"auto","background-attachment":"scroll","background-type":"","background-media":"","overlay-type":"","overlay-color":"","overlay-opacity":"","overlay-gradient":""},"mobile":{"background-color":"","background-image":"","background-repeat":"repeat","background-position":"center center","background-size":"auto","background-attachment":"scroll","background-type":"","background-media":"","overlay-type":"","overlay-color":"","overlay-opacity":"","overlay-gradient":""}},"ast-content-background-meta":{"desktop":{"background-color":"var(--ast-global-color-4)","background-image":"","background-repeat":"repeat","background-position":"center center","background-size":"auto","background-attachment":"scroll","background-type":"","background-media":"","overlay-type":"","overlay-color":"","overlay-opacity":"","overlay-gradient":""},"tablet":{"background-color":"var(--ast-global-color-4)","background-image":"","background-repeat":"repeat","background-position":"center center","background-size":"auto","background-attachment":"scroll","background-type":"","background-media":"","overlay-type":"","overlay-color":"","overlay-opacity":"","overlay-gradient":""},"mobile":{"background-color":"var(--ast-global-color-4)","background-image":"","background-repeat":"repeat","background-position":"center center","background-size":"auto","background-attachment":"scroll","background-type":"","background-media":"","overlay-type":"","overlay-color":"","overlay-opacity":"","overlay-gradient":""}},"footnotes":""},"class_list":["post-985","page","type-page","status-publish","hentry"],"aioseo_notices":[],"_links":{"self":[{"href":"https:\/\/cafe-aromes.com\/index.php\/wp-json\/wp\/v2\/pages\/985","targetHints":{"allow":["GET"]}}],"collection":[{"href":"https:\/\/cafe-aromes.com\/index.php\/wp-json\/wp\/v2\/pages"}],"about":[{"href":"https:\/\/cafe-aromes.com\/index.php\/wp-json\/wp\/v2\/types\/page"}],"author":[{"embeddable":true,"href":"https:\/\/cafe-aromes.com\/index.php\/wp-json\/wp\/v2\/users\/1"}],"replies":[{"embeddable":true,"href":"https:\/\/cafe-aromes.com\/index.php\/wp-json\/wp\/v2\/comments?post=985"}],"version-history":[{"count":7,"href":"https:\/\/cafe-aromes.com\/index.php\/wp-json\/wp\/v2\/pages\/985\/revisions"}],"predecessor-version":[{"id":998,"href":"https:\/\/cafe-aromes.com\/index.php\/wp-json\/wp\/v2\/pages\/985\/revisions\/998"}],"wp:attachment":[{"href":"https:\/\/cafe-aromes.com\/index.php\/wp-json\/wp\/v2\/media?parent=985"}],"curies":[{"name":"wp","href":"https:\/\/api.w.org\/{rel}","templated":true}]}}